{"id":570,"date":"2017-05-03T20:43:24","date_gmt":"2017-05-03T20:43:24","guid":{"rendered":"https:\/\/kcparrish.co\/alumni\/?page_id=570"},"modified":"2020-08-05T20:00:17","modified_gmt":"2020-08-06T01:00:17","slug":"alumni-donation-fund","status":"publish","type":"page","link":"https:\/\/kcparrish.co\/alumni\/alumni-donation-fund\/","title":{"rendered":"Alumni Donation Fund"},"content":{"rendered":"<div class=\"wpb-content-wrapper\"><p>[vc_row row_height=&#8221;hook_fixed_height&#8221; row_fixed=&#8221;500&#8243; top_padding=&#8221;200px&#8221; bk_element=&#8221;image&#8221; bg_image_repeat=&#8221;hook_with_parallax hook_cover&#8221; bk_overlay=&#8221;oblique.png&#8221; bg_image=&#8221;134&#8243;][vc_column width=&#8221;1\/1&#8243;][vc_custom_heading text=&#8221;Once a Tiger always a Tiger!&#8221; font_container=&#8221;tag:h1|text_align:center|color:%23ffffff&#8221; google_fonts=&#8221;font_family:PT%20Sans%3Aregular%2Citalic%2C700%2C700italic|font_style:700%20bold%20regular%3A700%3Anormal&#8221;][\/vc_column][\/vc_row][vc_row bk_type=&#8221;hook_full_row&#8221; equal_height=&#8221;yes&#8221;][vc_column col_width=&#8221;80&#8243; width=&#8221;2\/3&#8243;]<div class=\"hook_spacer clearfix\" style=\"height:108px;\"><\/div>[vc_custom_heading text=&#8221;Alumni Donation Fund&#8221; font_container=&#8221;tag:h4|text_align:left&#8221; use_theme_fonts=&#8221;yes&#8221; css_animation=&#8221;none&#8221; css=&#8221;.vc_custom_1533584367840{margin-bottom: 20px !important;}&#8221;][vc_column_text drop_cap=&#8221;yes&#8221;]One of the missions of the Office of Alumni Relations is to create an Alumni Donation Fund were alumni can donate and be a part of all KCP ongoing projects.<span class=\"two-spaces\">All<\/span> donors will receive a report as to how all resources are being used and how we make a difference in our school.<\/p>\n<p style=\"font-size: 22px; margin: 50px 0;\"><em>Be a part of all KCP ongoing projects!<\/em><\/p>\n<h5>If you want to make a donation, please contact us<\/h5>\n<p><em>Mar\u00eda Paulina Z\u00fa\u00f1iga<\/em><br \/>\n<strong><i class=\"fa fa-envelope\"><\/i>\u00a0Email:<\/strong> <a href=\"mailto:kcpalumni@kcparrish.edu.co\">kcpalumni@kcparrish.edu.co<\/a><br \/>\n<strong><i class=\"fa fa-phone\"><\/i>\u00a0Phone:<\/strong> + 57 5 3598929 Ext 960[\/vc_column_text]<div class=\"hook_spacer clearfix\" style=\"height:108px;\"><\/div>[\/vc_column][vc_column align=&#8221;hook_right_align&#8221; col_width=&#8221;80&#8243; width=&#8221;1\/3&#8243; bg_color=&#8221;#006532&#8243;]<div class=\"hook_spacer clearfix\" style=\"height:108px;\"><\/div>[vc_column_text]<\/p>\n<div style=\"color: #fff; font-size: 35px; font-style: italic; line-height: 40px; padding-right: 50px;\">We appreciate large gifts, but even small gifts truly help and <em>make a difference!<\/em><\/div>\n<p>[\/vc_column_text]<div class=\"hook_spacer clearfix\" style=\"height:108px;\"><\/div>[\/vc_column][\/vc_row][vc_row bk_type=&#8221;hook_full_row&#8221; equal_height=&#8221;yes&#8221; custom_css=&#8221;display:none;visibility:hidden;&#8221;][vc_column col_width=&#8221;80&#8243; width=&#8221;2\/3&#8243;]<div class=\"hook_spacer clearfix\" style=\"height:108px;\"><\/div>[vc_custom_heading text=&#8221;Alumni Donation Fund&#8221; font_container=&#8221;tag:h4|text_align:left&#8221; use_theme_fonts=&#8221;yes&#8221; css_animation=&#8221;none&#8221; css=&#8221;.vc_custom_1533584367840{margin-bottom: 20px !important;}&#8221;][vc_column_text drop_cap=&#8221;yes&#8221;]One of the missions of the Office of Alumni Relations is to create an Alumni Donation Fund were alumni can donate and be a part of all KCP ongoing projects.<span class=\"two-spaces\">All<\/span> donors will receive a report as to how all resources are being used and how we make a difference in our school.<\/p>\n<p style=\"font-size: 22px; margin: 50px 0;\"><em>Be a part of all KCP ongoing projects!<\/em><\/p>\n<p>[\/vc_column_text]<div class=\"theme_button prk_large wpb_animate_when_almost_visible wpb_appear donate hook_shortcoded\"><a href=\"https:\/\/kcparrish.co\/alumni\/info.php?iframe=true&amp;width=800&amp;height=500\" target=\"_self\" class=\"hook_anchor\">Help us by making Donation!<\/a><\/div><div class=\"hook_spacer clearfix\" style=\"height:108px;\"><\/div>[\/vc_column][vc_column align=&#8221;hook_right_align&#8221; col_width=&#8221;80&#8243; width=&#8221;1\/3&#8243; bg_color=&#8221;#006532&#8243;]<div class=\"hook_spacer clearfix\" style=\"height:108px;\"><\/div>[vc_column_text]<\/p>\n<div style=\"color: #fff; font-size: 35px; font-style: italic; line-height: 40px; padding-right: 50px;\">We appreciate large gifts, but even small gifts truly help and <em>make a difference!<\/em><\/div>\n<p>[\/vc_column_text]<div class=\"hook_spacer clearfix\" style=\"height:108px;\"><\/div>[\/vc_column][\/vc_row]<\/p>\n<\/div>","protected":false},"excerpt":{"rendered":"<p>[vc_row row_height=&#8221;hook_fixed_height&#8221; row_fixed=&#8221;500&#8243; top_padding=&#8221;200px&#8221; bk_element=&#8221;image&#8221; bg_image_repeat=&#8221;hook_with_parallax hook_cover&#8221; bk_overlay=&#8221;oblique.png&#8221; bg_image=&#8221;134&#8243;][vc_column width=&#8221;1\/1&#8243;][vc_custom_heading text=&#8221;Once a Tiger always a Tiger!&#8221; font_container=&#8221;tag:h1|text_align:center|color:%23ffffff&#8221; google_fonts=&#8221;font_family:PT%20Sans%3Aregular%2Citalic%2C700%2C700italic|font_style:700%20bold%20regular%3A700%3Anormal&#8221;][\/vc_column][\/vc_row][vc_row bk_type=&#8221;hook_full_row&#8221; equal_height=&#8221;yes&#8221;][vc_column col_width=&#8221;80&#8243; width=&#8221;2\/3&#8243;][vc_custom_heading text=&#8221;Alumni Donation Fund&#8221; font_container=&#8221;tag:h4|text_align:left&#8221; use_theme_fonts=&#8221;yes&#8221; css_animation=&#8221;none&#8221; css=&#8221;.vc_custom_1533584367840{margin-bottom: 20px !important;}&#8221;][vc_column_text drop_cap=&#8221;yes&#8221;]One of the missions of the Office of Alumni Relations is to create an Alumni Donation Fund were alumni can donate and be a [&hellip;]<\/p>\n","protected":false},"author":1,"featured_media":0,"parent":0,"menu_order":0,"comment_status":"closed","ping_status":"closed","template":"","meta":{"footnotes":""},"class_list":["post-570","page","type-page","status-publish","hentry"],"acf":[],"_links":{"self":[{"href":"https:\/\/kcparrish.co\/alumni\/wp-json\/wp\/v2\/pages\/570","targetHints":{"allow":["GET"]}}],"collection":[{"href":"https:\/\/kcparrish.co\/alumni\/wp-json\/wp\/v2\/pages"}],"about":[{"href":"https:\/\/kcparrish.co\/alumni\/wp-json\/wp\/v2\/types\/page"}],"author":[{"embeddable":true,"href":"https:\/\/kcparrish.co\/alumni\/wp-json\/wp\/v2\/users\/1"}],"replies":[{"embeddable":true,"href":"https:\/\/kcparrish.co\/alumni\/wp-json\/wp\/v2\/comments?post=570"}],"version-history":[{"count":6,"href":"https:\/\/kcparrish.co\/alumni\/wp-json\/wp\/v2\/pages\/570\/revisions"}],"predecessor-version":[{"id":1869,"href":"https:\/\/kcparrish.co\/alumni\/wp-json\/wp\/v2\/pages\/570\/revisions\/1869"}],"wp:attachment":[{"href":"https:\/\/kcparrish.co\/alumni\/wp-json\/wp\/v2\/media?parent=570"}],"curies":[{"name":"wp","href":"https:\/\/api.w.org\/{rel}","templated":true}]}}